{"id":140,"date":"2021-10-23T17:47:13","date_gmt":"2021-10-23T15:47:13","guid":{"rendered":"http:\/\/s910928243.online.de\/?page_id=140"},"modified":"2023-06-26T12:20:05","modified_gmt":"2023-06-26T10:20:05","slug":"impressum","status":"publish","type":"page","link":"https:\/\/tvdueppenweiler.de\/?page_id=140","title":{"rendered":"Impressum"},"content":{"rendered":"\t\t<div data-elementor-type=\"wp-page\" data-elementor-id=\"140\" class=\"elementor elementor-140\">\n\t\t\t\t\t\t<section class=\"elementor-section elementor-top-section elementor-element elementor-element-0afa232 elementor-section-boxed elementor-section-height-default elementor-section-height-default\" data-id=\"0afa232\" data-element_type=\"section\" data-settings=\"{&quot;_ha_eqh_enable&quot;:false}\">\n\t\t\t\t\t\t<div class=\"elementor-container elementor-column-gap-default\">\n\t\t\t\t\t<div class=\"elementor-column elementor-col-100 elementor-top-column elementor-element elementor-element-fd1e145\" data-id=\"fd1e145\" data-element_type=\"column\">\n\t\t\t<div class=\"elementor-widget-wrap elementor-element-populated\">\n\t\t\t\t\t\t<div class=\"elementor-element elementor-element-648ed9e elementor-widget elementor-widget-heading\" data-id=\"648ed9e\" data-element_type=\"widget\" data-widget_type=\"heading.default\">\n\t\t\t\t<div class=\"elementor-widget-container\">\n\t\t\t<style>\/*! elementor - v3.23.0 - 05-08-2024 *\/\n.elementor-heading-title{padding:0;margin:0;line-height:1}.elementor-widget-heading .elementor-heading-title[class*=elementor-size-]>a{color:inherit;font-size:inherit;line-height:inherit}.elementor-widget-heading .elementor-heading-title.elementor-size-small{font-size:15px}.elementor-widget-heading .elementor-heading-title.elementor-size-medium{font-size:19px}.elementor-widget-heading .elementor-heading-title.elementor-size-large{font-size:29px}.elementor-widget-heading .elementor-heading-title.elementor-size-xl{font-size:39px}.elementor-widget-heading .elementor-heading-title.elementor-size-xxl{font-size:59px}<\/style><h2 class=\"elementor-heading-title elementor-size-default\">Impressum<\/h2>\t\t<\/div>\n\t\t\t\t<\/div>\n\t\t\t\t<div class=\"elementor-element elementor-element-6cb28f3 elementor-widget elementor-widget-text-editor\" data-id=\"6cb28f3\" data-element_type=\"widget\" data-widget_type=\"text-editor.default\">\n\t\t\t\t<div class=\"elementor-widget-container\">\n\t\t\t<style>\/*! elementor - v3.23.0 - 05-08-2024 *\/\n.elementor-widget-text-editor.elementor-drop-cap-view-stacked .elementor-drop-cap{background-color:#69727d;color:#fff}.elementor-widget-text-editor.elementor-drop-cap-view-framed .elementor-drop-cap{color:#69727d;border:3px solid;background-color:transparent}.elementor-widget-text-editor:not(.elementor-drop-cap-view-default) .elementor-drop-cap{margin-top:8px}.elementor-widget-text-editor:not(.elementor-drop-cap-view-default) .elementor-drop-cap-letter{width:1em;height:1em}.elementor-widget-text-editor .elementor-drop-cap{float:left;text-align:center;line-height:1;font-size:50px}.elementor-widget-text-editor .elementor-drop-cap-letter{display:inline-block}<\/style>\t\t\t\t<p>Verantwortlich:<\/p>\n<p>TV Germania 1923 e. V. D\u00fcppenweiler<\/p>\n<p>vertretungsberechtigter Vorstand nach dem BGB und verantwortlich f\u00fcr die Inhalte:<br>Paul Meyer (1. Vorsitzender)<\/p>\n<p>eingetragen im Vereinsregister der Stadt Merzig (Nummer: VR 553)<\/p>\n<p>Umsatzsteuer-ID-Nr.: 020\/140\/04273<\/p>\n<p>Anschrift des Vereins:<br>Pfarrer-Gierend-Stra\u00dfe 7b<\/p>\n<p>66701 Beckingen<\/p>\n<p>Kontakt:<\/p>\n<p>E-Mail: 1.vorsitzender(at)tvdueppenweiler.de und 2.vorsitzender(at)tvdueppenweiler.de<\/p>\n<p>Datenschutzerkl\u00e4rung:<\/p>\n<p>Diese Datenschutzerkl\u00e4rung kl\u00e4rt Sie als Nutzer unserer Webseite und unseren Angeboten \u00fcber die Art, den Umfang und Zweck der Erhebung und Verwendung personenbezogener Daten auf. Die Verpflichtungen zur entsprechenden Aufkl\u00e4rung befinden sich im Bundesdatenschutzgesetz (BDSG) und dem Telemediengesetz (TMG).<\/p>\n<p>Wir weisen ausdr\u00fccklich darauf hin, dass die Daten\u00fcbertragung im Internet (z. B. bei der Kommunikation per E-Mail) Sicherheitsl\u00fccken aufweisen und nicht l\u00fcckenlos vor dem Zugriff durch Dritte gesch\u00fctzt werden kann.<\/p>\n<p>Verantwortliche Stelle<\/p>\n<p>Verantwortliche Stelle im Sinne des BDSG ist:<\/p>\n<p>TV Germania 1923 e. V. D\u00fcppenweiler<br>Pfarrer-Gierend-Stra\u00dfe 7b<br>666701 D\u00fcppenweiler<\/p>\n<p>E-Mail: 1.vorsitzender(at)tvdueppenweiler.de und 2.vorsitzender(at)tvdueppenweiler.de<\/p>\n<p>Personenbezogene Daten<\/p>\n<p>Personenbezogene Daten sind Informationen, mit deren Hilfe eine Person identifiziert werden kann. Solche sind z. B. Name, Anschrift, E-Mail-Adresse, Telefonnummer, Geburtsdatum, aber auch die IP-Adresse. Personenbezogene Daten d\u00fcrfen wir nur erheben, nutzen und speichern, soweit dies gesetzlich erlaubt ist oder Sie als Nutzer in die Datenerhebung eingewilligt haben.<\/p>\n<p>Die Nutzung unserer Webseite ist in der Regel ohne Angabe personenbezogener Daten m\u00f6glich. Soweit auf unseren Seiten personenbezogene Daten (z. B. Name, Anschrift oder E-Mail-Adressen) erhoben werden, erfolgt dies auf freiwilliger Basis.<\/p>\n<p>Kontaktaufnahme<\/p>\n<p>Sie haben auf unserer Webseite die M\u00f6glichkeit, mit uns z. B. mittels Nutzung des Kontaktformulars in Kontakt zu treten. Dies erfordert die Eingaben Ihrer pers\u00f6nlichen Daten (z.B. Name, E-Mail-Adresse). Wir erheben, verarbeiten und nutzen Ihre Daten ausschlie\u00dflich zum Zweck der Bearbeitung Ihrer Anfrage. Ihre Daten werden nicht an Dritte weitergegeben.<\/p>\n<p>Widerruf, \u00c4nderungen, Berichtigungen, Aktualisierungen<\/p>\n<p>Sie haben das Recht, jederzeit unentgeltlich \u00fcber Ihre gespeicherten Daten Auskunft zu verlangen und die Zustimmung zur Speicherung, Verarbeitung und Nutzung Ihrer personenbezogenen Daten jederzeit bei der verantwortlichen Stelle (1.vorsitzender(at)tvdueppenweiler.de oder 2.vorsitzender(at)tvdueppenweiler.de &#8211; Postanschrift: TV D\u00fcppenweiler, Paul Meyer, Pfarrer-Gierend-Stra\u00dfe 7b, 66701 Beckingen) zu widerrufen.<\/p>\n<p>Zus\u00e4tzlich haben Sie das Recht auf Berichtigung unrichtiger Daten, Sperrung und L\u00f6schung Ihrer personenbezogenen Daten, soweit dem keine gesetzliche Aufbewahrungspflicht entgegensteht.<\/p>\t\t\t\t\t\t<\/div>\n\t\t\t\t<\/div>\n\t\t\t\t\t<\/div>\n\t\t<\/div>\n\t\t\t\t\t<\/div>\n\t\t<\/section>\n\t\t\t\t<\/div>\n\t\t","protected":false},"excerpt":{"rendered":"<p>Impressum Verantwortlich: TV Germania 1923 e. V. D\u00fcppenweiler vertretungsberechtigter Vorstand nach dem BGB und verantwortlich f\u00fcr die Inhalte:Paul Meyer (1. Vorsitzender) eingetragen im Vereinsregister der Stadt Merzig (Nummer: VR 553) Umsatzsteuer-ID-Nr.: 020\/140\/04273 Anschrift des Vereins:Pfarrer-Gierend-Stra\u00dfe 7b 66701 Beckingen Kontakt: E-Mail: 1.vorsitzender(at)tvdueppenweiler.de und 2.vorsitzender(at)tvdueppenweiler.de Datenschutzerkl\u00e4rung: Diese Datenschutzerkl\u00e4rung kl\u00e4rt Sie als Nutzer unserer Webseite und unseren Angeboten&hellip;&nbsp;<a href=\"https:\/\/tvdueppenweiler.de\/?page_id=140\" class=\"\" rel=\"bookmark\">Weiterlesen &raquo;<span class=\"screen-reader-text\">Impressum<\/span><\/a><\/p>\n","protected":false},"author":1,"featured_media":0,"parent":0,"menu_order":0,"comment_status":"closed","ping_status":"closed","template":"page-templates\/template-pagebuilder-full-width.php","meta":{"neve_meta_sidebar":"","neve_meta_container":"","neve_meta_enable_content_width":"","neve_meta_content_width":0,"neve_meta_title_alignment":"","neve_meta_author_avatar":"","neve_post_elements_order":"","neve_meta_disable_header":"","neve_meta_disable_footer":"","neve_meta_disable_title":"","footnotes":""},"class_list":["post-140","page","type-page","status-publish","hentry"],"yoast_head":"<!-- This site is optimized with the Yoast SEO plugin v20.7 - https:\/\/yoast.com\/wordpress\/plugins\/seo\/ -->\n<title>Impressum - TV D\u00fcppenweiler<\/title>\n<meta name=\"robots\" content=\"index, follow, max-snippet:-1, max-image-preview:large, max-video-preview:-1\" \/>\n<link rel=\"canonical\" href=\"https:\/\/tvdueppenweiler.de\/?page_id=140\" \/>\n<meta property=\"og:locale\" content=\"de_DE\" \/>\n<meta property=\"og:type\" content=\"article\" \/>\n<meta property=\"og:title\" content=\"Impressum - TV D\u00fcppenweiler\" \/>\n<meta property=\"og:description\" content=\"Impressum Verantwortlich: TV Germania 1923 e. V. D\u00fcppenweiler vertretungsberechtigter Vorstand nach dem BGB und verantwortlich f\u00fcr die Inhalte:Paul Meyer (1. Vorsitzender) eingetragen im Vereinsregister der Stadt Merzig (Nummer: VR 553) Umsatzsteuer-ID-Nr.: 020\/140\/04273 Anschrift des Vereins:Pfarrer-Gierend-Stra\u00dfe 7b 66701 Beckingen Kontakt: E-Mail: 1.vorsitzender(at)tvdueppenweiler.de und 2.vorsitzender(at)tvdueppenweiler.de Datenschutzerkl\u00e4rung: Diese Datenschutzerkl\u00e4rung kl\u00e4rt Sie als Nutzer unserer Webseite und unseren Angeboten&hellip;&nbsp;Weiterlesen &raquo;Impressum\" \/>\n<meta property=\"og:url\" content=\"https:\/\/tvdueppenweiler.de\/?page_id=140\" \/>\n<meta property=\"og:site_name\" content=\"TV D\u00fcppenweiler\" \/>\n<meta property=\"article:modified_time\" content=\"2023-06-26T10:20:05+00:00\" \/>\n<meta name=\"twitter:card\" content=\"summary_large_image\" \/>\n<meta name=\"twitter:label1\" content=\"Gesch\u00e4tzte Lesezeit\" \/>\n\t<meta name=\"twitter:data1\" content=\"2\u00a0Minuten\" \/>\n<script type=\"application\/ld+json\" class=\"yoast-schema-graph\">{\"@context\":\"https:\/\/schema.org\",\"@graph\":[{\"@type\":\"WebPage\",\"@id\":\"https:\/\/tvdueppenweiler.de\/?page_id=140\",\"url\":\"https:\/\/tvdueppenweiler.de\/?page_id=140\",\"name\":\"Impressum - TV D\u00fcppenweiler\",\"isPartOf\":{\"@id\":\"https:\/\/tvdueppenweiler.de\/#website\"},\"datePublished\":\"2021-10-23T15:47:13+00:00\",\"dateModified\":\"2023-06-26T10:20:05+00:00\",\"breadcrumb\":{\"@id\":\"https:\/\/tvdueppenweiler.de\/?page_id=140#breadcrumb\"},\"inLanguage\":\"de\",\"potentialAction\":[{\"@type\":\"ReadAction\",\"target\":[\"https:\/\/tvdueppenweiler.de\/?page_id=140\"]}]},{\"@type\":\"BreadcrumbList\",\"@id\":\"https:\/\/tvdueppenweiler.de\/?page_id=140#breadcrumb\",\"itemListElement\":[{\"@type\":\"ListItem\",\"position\":1,\"name\":\"Startseite\",\"item\":\"https:\/\/tvdueppenweiler.de\/\"},{\"@type\":\"ListItem\",\"position\":2,\"name\":\"Impressum\"}]},{\"@type\":\"WebSite\",\"@id\":\"https:\/\/tvdueppenweiler.de\/#website\",\"url\":\"https:\/\/tvdueppenweiler.de\/\",\"name\":\"TV D\u00fcppenweiler\",\"description\":\"\",\"publisher\":{\"@id\":\"https:\/\/tvdueppenweiler.de\/#organization\"},\"potentialAction\":[{\"@type\":\"SearchAction\",\"target\":{\"@type\":\"EntryPoint\",\"urlTemplate\":\"https:\/\/tvdueppenweiler.de\/?s={search_term_string}\"},\"query-input\":\"required name=search_term_string\"}],\"inLanguage\":\"de\"},{\"@type\":\"Organization\",\"@id\":\"https:\/\/tvdueppenweiler.de\/#organization\",\"name\":\"TV D\u00fcppenweiler\",\"url\":\"https:\/\/tvdueppenweiler.de\/\",\"logo\":{\"@type\":\"ImageObject\",\"inLanguage\":\"de\",\"@id\":\"https:\/\/tvdueppenweiler.de\/#\/schema\/logo\/image\/\",\"url\":\"https:\/\/tvdueppenweiler.de\/wp-content\/uploads\/2022\/03\/logosport.png\",\"contentUrl\":\"https:\/\/tvdueppenweiler.de\/wp-content\/uploads\/2022\/03\/logosport.png\",\"width\":480,\"height\":480,\"caption\":\"TV D\u00fcppenweiler\"},\"image\":{\"@id\":\"https:\/\/tvdueppenweiler.de\/#\/schema\/logo\/image\/\"}}]}<\/script>\n<!-- \/ Yoast SEO plugin. -->","yoast_head_json":{"title":"Impressum - TV D\u00fcppenweiler","robots":{"index":"index","follow":"follow","max-snippet":"max-snippet:-1","max-image-preview":"max-image-preview:large","max-video-preview":"max-video-preview:-1"},"canonical":"https:\/\/tvdueppenweiler.de\/?page_id=140","og_locale":"de_DE","og_type":"article","og_title":"Impressum - TV D\u00fcppenweiler","og_description":"Impressum Verantwortlich: TV Germania 1923 e. V. D\u00fcppenweiler vertretungsberechtigter Vorstand nach dem BGB und verantwortlich f\u00fcr die Inhalte:Paul Meyer (1. Vorsitzender) eingetragen im Vereinsregister der Stadt Merzig (Nummer: VR 553) Umsatzsteuer-ID-Nr.: 020\/140\/04273 Anschrift des Vereins:Pfarrer-Gierend-Stra\u00dfe 7b 66701 Beckingen Kontakt: E-Mail: 1.vorsitzender(at)tvdueppenweiler.de und 2.vorsitzender(at)tvdueppenweiler.de Datenschutzerkl\u00e4rung: Diese Datenschutzerkl\u00e4rung kl\u00e4rt Sie als Nutzer unserer Webseite und unseren Angeboten&hellip;&nbsp;Weiterlesen &raquo;Impressum","og_url":"https:\/\/tvdueppenweiler.de\/?page_id=140","og_site_name":"TV D\u00fcppenweiler","article_modified_time":"2023-06-26T10:20:05+00:00","twitter_card":"summary_large_image","twitter_misc":{"Gesch\u00e4tzte Lesezeit":"2\u00a0Minuten"},"schema":{"@context":"https:\/\/schema.org","@graph":[{"@type":"WebPage","@id":"https:\/\/tvdueppenweiler.de\/?page_id=140","url":"https:\/\/tvdueppenweiler.de\/?page_id=140","name":"Impressum - TV D\u00fcppenweiler","isPartOf":{"@id":"https:\/\/tvdueppenweiler.de\/#website"},"datePublished":"2021-10-23T15:47:13+00:00","dateModified":"2023-06-26T10:20:05+00:00","breadcrumb":{"@id":"https:\/\/tvdueppenweiler.de\/?page_id=140#breadcrumb"},"inLanguage":"de","potentialAction":[{"@type":"ReadAction","target":["https:\/\/tvdueppenweiler.de\/?page_id=140"]}]},{"@type":"BreadcrumbList","@id":"https:\/\/tvdueppenweiler.de\/?page_id=140#breadcrumb","itemListElement":[{"@type":"ListItem","position":1,"name":"Startseite","item":"https:\/\/tvdueppenweiler.de\/"},{"@type":"ListItem","position":2,"name":"Impressum"}]},{"@type":"WebSite","@id":"https:\/\/tvdueppenweiler.de\/#website","url":"https:\/\/tvdueppenweiler.de\/","name":"TV D\u00fcppenweiler","description":"","publisher":{"@id":"https:\/\/tvdueppenweiler.de\/#organization"},"potentialAction":[{"@type":"SearchAction","target":{"@type":"EntryPoint","urlTemplate":"https:\/\/tvdueppenweiler.de\/?s={search_term_string}"},"query-input":"required name=search_term_string"}],"inLanguage":"de"},{"@type":"Organization","@id":"https:\/\/tvdueppenweiler.de\/#organization","name":"TV D\u00fcppenweiler","url":"https:\/\/tvdueppenweiler.de\/","logo":{"@type":"ImageObject","inLanguage":"de","@id":"https:\/\/tvdueppenweiler.de\/#\/schema\/logo\/image\/","url":"https:\/\/tvdueppenweiler.de\/wp-content\/uploads\/2022\/03\/logosport.png","contentUrl":"https:\/\/tvdueppenweiler.de\/wp-content\/uploads\/2022\/03\/logosport.png","width":480,"height":480,"caption":"TV D\u00fcppenweiler"},"image":{"@id":"https:\/\/tvdueppenweiler.de\/#\/schema\/logo\/image\/"}}]}},"_links":{"self":[{"href":"https:\/\/tvdueppenweiler.de\/index.php?rest_route=\/wp\/v2\/pages\/140","targetHints":{"allow":["GET"]}}],"collection":[{"href":"https:\/\/tvdueppenweiler.de\/index.php?rest_route=\/wp\/v2\/pages"}],"about":[{"href":"https:\/\/tvdueppenweiler.de\/index.php?rest_route=\/wp\/v2\/types\/page"}],"author":[{"embeddable":true,"href":"https:\/\/tvdueppenweiler.de\/index.php?rest_route=\/wp\/v2\/users\/1"}],"replies":[{"embeddable":true,"href":"https:\/\/tvdueppenweiler.de\/index.php?rest_route=%2Fwp%2Fv2%2Fcomments&post=140"}],"version-history":[{"count":0,"href":"https:\/\/tvdueppenweiler.de\/index.php?rest_route=\/wp\/v2\/pages\/140\/revisions"}],"wp:attachment":[{"href":"https:\/\/tvdueppenweiler.de\/index.php?rest_route=%2Fwp%2Fv2%2Fmedia&parent=140"}],"curies":[{"name":"wp","href":"https:\/\/api.w.org\/{rel}","templated":true}]}}